{"id":13375,"date":"2021-01-26T09:35:45","date_gmt":"2021-01-26T09:35:45","guid":{"rendered":"https:\/\/studiosigo.com\/?page_id=13375"},"modified":"2023-05-19T15:18:49","modified_gmt":"2023-05-19T15:18:49","slug":"terminos-y-condiciones","status":"publish","type":"page","link":"https:\/\/studiosigo.com\/es\/terminos-y-condiciones\/","title":{"rendered":"T\u00e9rminos y condiciones"},"content":{"rendered":"[vc_row type=\u00bbfull_width_content\u00bb full_screen_row_position=\u00bbmiddle\u00bb column_margin=\u00bbdefault\u00bb column_direction=\u00bbdefault\u00bb column_direction_tablet=\u00bbdefault\u00bb column_direction_phone=\u00bbdefault\u00bb scene_position=\u00bbcenter\u00bb top_padding=\u00bb0%\u00bb bottom_padding=\u00bb5%\u00bb left_padding_desktop=\u00bb27%\u00bb constrain_group_2=\u00bbyes\u00bb right_padding_desktop=\u00bb27%\u00bb top_padding_tablet=\u00bb20%\u00bb bottom_padding_tablet=\u00bb10%\u00bb left_padding_tablet=\u00bb20%\u00bb constrain_group_4=\u00bbyes\u00bb right_padding_tablet=\u00bb20%\u00bb left_padding_phone=\u00bb6%\u00bb constrain_group_6=\u00bbyes\u00bb right_padding_phone=\u00bb6%\u00bb text_color=\u00bbdark\u00bb text_align=\u00bbleft\u00bb row_border_radius=\u00bbnone\u00bb row_border_radius_applies=\u00bbbg\u00bb overflow=\u00bbvisible\u00bb advanced_gradient_angle=\u00bb0&#8243; overlay_strength=\u00bb0.3&#8243; gradient_direction=\u00bbleft_to_right\u00bb shape_divider_position=\u00bbbottom\u00bb bg_image_animation=\u00bbnone\u00bb gradient_type=\u00bbdefault\u00bb shape_type=\u00bb\u00bb][vc_column column_padding=\u00bbno-extra-padding\u00bb column_padding_tablet=\u00bbinherit\u00bb column_padding_phone=\u00bbinherit\u00bb column_padding_position=\u00bball\u00bb column_element_spacing=\u00bb0px\u00bb centered_text=\u00bbtrue\u00bb background_color_opacity=\u00bb1&#8243; background_hover_color_opacity=\u00bb1&#8243; column_shadow=\u00bbnone\u00bb column_border_radius=\u00bbnone\u00bb column_link_target=\u00bb_self\u00bb column_position=\u00bbdefault\u00bb advanced_gradient_angle=\u00bb0&#8243; gradient_direction=\u00bbleft_to_right\u00bb overlay_strength=\u00bb0.3&#8243; width=\u00bb1\/1&#8243; tablet_width_inherit=\u00bbdefault\u00bb tablet_text_alignment=\u00bbdefault\u00bb phone_text_alignment=\u00bbdefault\u00bb animation_type=\u00bbdefault\u00bb bg_image_animation=\u00bbnone\u00bb border_type=\u00bbsimple\u00bb column_border_width=\u00bbnone\u00bb column_border_style=\u00bbsolid\u00bb gradient_type=\u00bbdefault\u00bb][vc_row_inner column_margin=\u00bb20px\u00bb column_direction=\u00bbdefault\u00bb column_direction_tablet=\u00bbdefault\u00bb column_direction_phone=\u00bbdefault\u00bb text_align=\u00bbleft\u00bb row_position=\u00bbdefault\u00bb row_position_tablet=\u00bbinherit\u00bb row_position_phone=\u00bbinherit\u00bb overflow=\u00bbvisible\u00bb pointer_events=\u00bball\u00bb][vc_column_inner column_padding=\u00bbno-extra-padding\u00bb column_padding_tablet=\u00bbinherit\u00bb column_padding_phone=\u00bbinherit\u00bb column_padding_position=\u00bball\u00bb top_margin=\u00bb0%\u00bb bottom_margin=\u00bb5%\u00bb column_element_spacing=\u00bb0px\u00bb background_color_opacity=\u00bb1&#8243; background_hover_color_opacity=\u00bb1&#8243; column_shadow=\u00bbnone\u00bb column_border_radius=\u00bbnone\u00bb column_link_target=\u00bb_self\u00bb advanced_gradient_angle=\u00bb0&#8243; gradient_direction=\u00bbleft_to_right\u00bb overlay_strength=\u00bb0.3&#8243; width=\u00bb1\/1&#8243; tablet_width_inherit=\u00bbdefault\u00bb animation_type=\u00bbdefault\u00bb enable_animation=\u00bbtrue\u00bb animation=\u00bbfade-in-from-bottom\u00bb bg_image_animation=\u00bbnone\u00bb border_type=\u00bbsimple\u00bb column_border_width=\u00bbnone\u00bb column_border_style=\u00bbsolid\u00bb gradient_type=\u00bbdefault\u00bb animation_offset=\u00bb80%\u00bb][vc_column_text]\n<h1>T\u00c9RMINOS Y CONDICIONES<\/h1>\n[\/vc_column_text][\/vc_column_inner][\/vc_row_inner][split_line_heading animation_type=\u00bbline-reveal-by-space\u00bb font_style=\u00bbp\u00bb line_reveal_by_space_text_effect=\u00bbtwist-bottom-2&#8243; content_alignment=\u00bbdefault\u00bb mobile_content_alignment=\u00bbinherit\u00bb link_target=\u00bb_self\u00bb text_content=\u00bbIntroducci\u00f3n<\/p>\n<p>El presente documento incluye las condiciones de uso del sitio electr\u00f3nico y los servicios de The Light Squad Studio. Ser\u00e1 necesario, adem\u00e1s, leer nuestras Pol\u00edticas de Privacidad, en donde detallamos nuestras pr\u00e1cticas de manejo de informaci\u00f3n.<br \/>\nAceptaci\u00f3n de las condiciones<br \/>\nDebe leer, comprender y aceptar estas condiciones de uso (&quot;Condiciones&quot;) antes de ingresar a www.fantastico.design o a cualquiera de sus enlaces (&quot;el Sitio&quot;). Al momento de ingresar al sitio queda sujeto a estas Condiciones, que, junto con nuestras Pol\u00edticas de Privacidad, rigen nuestra relaci\u00f3n con usted. Solo podr\u00e1 ingresar despu\u00e9s de haber le\u00eddo y aceptado las Condiciones.<br \/>\nAcepta que The Light Squad Studio S.L utilice la informaci\u00f3n que comparta seg\u00fan lo establecido en nuestras Pol\u00edticas de Privacidad en https:\/\/ www.fantastico.design\/politica-de-privacidad, anexa al documento.<\/p>\n<p>Acceso al sitio<\/p>\n<p>Es posible que en ocasiones no pueda ingresar al Sitio o bien que su navegaci\u00f3n se interrumpa por fallas en el equipo, actualizaciones, mantenimiento o cualquier otra raz\u00f3n ajena a The Light Squad Studio. The Light Squad Studio se reserva el derecho de suspender o descontinuar el Sitio o cualquier servicio y remover cualquier contenido seg\u00fan lo considere, en cualquier momento y sin previo aviso. Adem\u00e1s, podr\u00eda establecer ciertos l\u00edmites para algunas funciones y servicios o bien restringirle el acceso a espacios o al Sitio y sus Servicios en general, sin previo aviso y sin asumir responsabilidad alguna.<\/p>\n<p>Tarifas<\/p>\n<p>The Light Squad Studio se reserva el derecho de cambiar sus tarifas o cargos por los servicios ofrecidos en el Sitio (o de comenzar a cobrar por cualquier servicio gratuito), tomando en cuenta que las tarifas pagadas antes de dichos cambios no resultar\u00e1n afectadas.<br \/>\nSi sospecha de alg\u00fan abuso del Sitio o una violaci\u00f3n de las Condiciones (diferente a la violaci\u00f3n de derechos de autor env\u00edenos un correo con la explicaci\u00f3n a: hello@fantastico.design<br \/>\nThe Light Squad Studio se reserva el derecho de vetar a cualquier usuario de sus Servicios. Tambi\u00e9n se reserva el derecho de retirar cualquier Contenido (incluyendo pero no limit\u00e1ndose a proyectos, comentarios, mensajes, avatares, etc\u00e9tera) por las razones que considere necesarias.<br \/>\nThe Light Squad Studio, sin confinarse a alguna de estas declaraciones o garant\u00edas, tiene el derecho (pero no la obligaci\u00f3n) de (i) rechazar o retirar cualquier Contenido que, seg\u00fan su opini\u00f3n, viole las Condiciones o sea da\u00f1ino o desagradable o (ii) cancelar o prohibir el acceso al Sitio a personas o entidades por la raz\u00f3n que considere.<\/p>\n<p>Reglamento especial para alumnos<\/p>\n<p>Acepta todos los t\u00e9rminos y condiciones, incluso la pol\u00edtica de cancelaci\u00f3n publicada en el Sitio, al momento de reservar un lugar en las clases de The Light Squad Studio.<br \/>\nTodas las Clases ofertadas en The Light Squad Studio se mantendr\u00e1n disponibles solo en las fechas establecidas.<br \/>\nAcepta seguir todas las reglas razonables establecidas por el profesor para la Clase, adem\u00e1s de no tomar acciones que interfieran en el desempe\u00f1o del profesor o los dem\u00e1s alumnos de la Clase.<br \/>\nAcepta tomar las Clases solo por motivos educacionales y nunca con la intenci\u00f3n de copiar materiales o t\u00e9cnicas para su beneficio o llevar a otras clases, o bien para interrumpir cualquier Clase o la relaci\u00f3n del profesor con sus alumnos.<br \/>\nComo alumno, cuando se inscribe en una clase, ya sea una clase gratuita o pagada, The Light Squad Studio le da una licencia para ver la clase a trav\u00e9s de la plataforma y los Servicios de The Light Squad Studio, quien a su vez es el licenciador registrado. Usted tiene licencia para acceder a las clases, pero no se las estamos vendiendo. Esta licencia no le otorga ning\u00fan derecho a revender la clase de ninguna manera (incluso compartiendo informaci\u00f3n de su cuenta con un comprador o descargando ilegalmente la clase y comparti\u00e9ndola en sitios de descarga de torrents).<br \/>\nEn t\u00e9rminos legales m\u00e1s completos, The Light Squad Studio le otorga (como alumno) una licencia limitada, no exclusiva e intransferible para acceder y ver las clases y el contenido asociado por el que ha pagado todas las tarifas requeridas, exclusivamente para fines personales, no comerciales y educativos a trav\u00e9s de los Servicios, de acuerdo con estos T\u00e9rminos y con las condiciones o restricciones asociadas con una clase o caracter\u00edstica particular de nuestros Servicios. Todos los dem\u00e1s usos est\u00e1n expresamente prohibidos. No se puede reproducir, redistribuir, transmitir, asignar, vender, retransmitir, alquilar, compartir, prestar, modificar, adaptar, editar o crear trabajos derivados, subarrendar, transferir o utilizar ninguna clase, a menos que le demos permiso expl\u00edcito para hacerlo en un acuerdo escrito firmado por un representante autorizado de The Light Squad Studio. Esto tambi\u00e9n se aplica al contenido al que puede acceder a trav\u00e9s de cualquiera de nuestras API.<\/p>\n<p>Propiedad intelectual de The Light Squad Studio<\/p>\n<p>Las marcas, logo, c\u00f3digos de muestra, programas computacionales y otros contenidos de The Light Squad Studio incluidos en los Servicios est\u00e1n protegidos por derechos de propiedad intelectual. El acceso al Sitio no le concede los derechos sobre estos materiales. Queda prohibido utilizar el contenido de nuestro Sitio a menos que se solicite permiso al due\u00f1o o lo permita la ley. Queda tambi\u00e9n prohibido usar las marcas y logos de The Light Squad Studio incluidos en los Servicios sin nuestro consentimiento; adem\u00e1s de retirar, oscurecer o alterar el texto o avisos incluidos en los Materiales de The Light Squad Studio, pues se proh\u00edbe utilizarlos para armar cualquier base de datos.<\/p>\n<p>Varios<\/p>\n<p>Estas Condiciones de Uso, junto con las Pol\u00edticas de Privacidad y otros avisos legales publicados por The Light Squad Studio constituyen el acuerdo total entre el usuario y The Light Squad Studio con respecto a los Servicios y a los servicios ofrecidos por The Light Squad Studio. Si se determina que cualquiera de las disposiciones es inv\u00e1lida, esto no afectar\u00e1 a la validez de las dem\u00e1s disposiciones, que permanecer\u00e1n en rigor.<br \/>\nEl fracaso de The Light Squad Studio al hacer valer cualquiera de las provisiones de estas Condiciones o al insistir en ellas no deber\u00e1 tomarse como una exenci\u00f3n de provisiones o derechos. Ni el rumbo ni la conducta entre las partes, ni sus trueques, deber\u00e1 modificar ninguna provisi\u00f3n de las Condiciones.<br \/>\nThe Light Squad Studio podr\u00eda ceder sus derechos y obligaciones estipulados en las Condiciones a cualquier parte, en cualquier momento y sin previo aviso.<br \/>\nQuedan reservados los derechos ajenos a The Light Squad Studio no mencionados expresamente.<\/p>\n<p>\u00daltima actualizaci\u00f3n: 27 de Enero de 2021. Sustituye a cualquiera de las versiones anteriores.\u00bb font_size_phone=\u00bb4vw\u00bb animation_delay=\u00bb500&#8243; animation_offset=\u00bb100&#8243;][\/split_line_heading][\/vc_column][\/vc_row]\n","protected":false},"excerpt":{"rendered":"<p>[vc_row type=\u00bbfull_width_content\u00bb full_screen_row_position=\u00bbmiddle\u00bb column_margin=\u00bbdefault\u00bb column_direction=\u00bbdefault\u00bb column_direction_tablet=\u00bbdefault\u00bb column_direction_phone=\u00bbdefault\u00bb scene_position=\u00bbcenter\u00bb top_padding=\u00bb0%\u00bb bottom_padding=\u00bb5%\u00bb left_padding_desktop=\u00bb27%\u00bb constrain_group_2=\u00bbyes\u00bb right_padding_desktop=\u00bb27%\u00bb top_padding_tablet=\u00bb20%\u00bb bottom_padding_tablet=\u00bb10%\u00bb left_padding_tablet=\u00bb20%\u00bb constrain_group_4=\u00bbyes\u00bb right_padding_tablet=\u00bb20%\u00bb left_padding_phone=\u00bb6%\u00bb constrain_group_6=\u00bbyes\u00bb right_padding_phone=\u00bb6%\u00bb text_color=\u00bbdark\u00bb text_align=\u00bbleft\u00bb row_border_radius=\u00bbnone\u00bb row_border_radius_applies=\u00bbbg\u00bb overflow=\u00bbvisible\u00bb advanced_gradient_angle=\u00bb0&#8243; overlay_strength=\u00bb0.3&#8243; gradient_direction=\u00bbleft_to_right\u00bb shape_divider_position=\u00bbbottom\u00bb&#8230;<\/p>\n","protected":false},"author":13,"featured_media":0,"parent":0,"menu_order":0,"comment_status":"closed","ping_status":"closed","template":"","meta":{"footnotes":""},"class_list":["post-13375","page","type-page","status-publish"],"_links":{"self":[{"href":"https:\/\/studiosigo.com\/es\/wp-json\/wp\/v2\/pages\/13375","targetHints":{"allow":["GET"]}}],"collection":[{"href":"https:\/\/studiosigo.com\/es\/wp-json\/wp\/v2\/pages"}],"about":[{"href":"https:\/\/studiosigo.com\/es\/wp-json\/wp\/v2\/types\/page"}],"author":[{"embeddable":true,"href":"https:\/\/studiosigo.com\/es\/wp-json\/wp\/v2\/users\/13"}],"replies":[{"embeddable":true,"href":"https:\/\/studiosigo.com\/es\/wp-json\/wp\/v2\/comments?post=13375"}],"version-history":[{"count":0,"href":"https:\/\/studiosigo.com\/es\/wp-json\/wp\/v2\/pages\/13375\/revisions"}],"wp:attachment":[{"href":"https:\/\/studiosigo.com\/es\/wp-json\/wp\/v2\/media?parent=13375"}],"curies":[{"name":"wp","href":"https:\/\/api.w.org\/{rel}","templated":true}]}}