{"id":18941,"date":"2021-01-26T09:35:45","date_gmt":"2021-01-26T09:35:45","guid":{"rendered":"https:\/\/studiosigo.com\/modalites-et-conditions\/"},"modified":"2022-10-04T15:25:13","modified_gmt":"2022-10-04T15:25:13","slug":"modalites-et-conditions","status":"publish","type":"page","link":"https:\/\/studiosigo.com\/fr\/modalites-et-conditions\/","title":{"rendered":"Modalit\u00e9s et conditions"},"content":{"rendered":"[vc_row type=\u00a0\u00bbfull_width_content\u00a0\u00bb full_screen_row_position=\u00a0\u00bbmiddle\u00a0\u00bb column_margin=\u00a0\u00bbdefault\u00a0\u00bb column_direction=\u00a0\u00bbdefault\u00a0\u00bb column_direction_tablet=\u00a0\u00bbdefault\u00a0\u00bb column_direction_phone=\u00a0\u00bbdefault\u00a0\u00bb scene_position=\u00a0\u00bbcenter\u00a0\u00bb top_padding=\u00a0\u00bb0%\u00a0\u00bb bottom_padding=\u00a0\u00bb5%\u00a0\u00bb left_padding_desktop=\u00a0\u00bb27%\u00a0\u00bb constrain_group_2=\u00a0\u00bbyes\u00a0\u00bb right_padding_desktop=\u00a0\u00bb27%\u00a0\u00bb top_padding_tablet=\u00a0\u00bb20%\u00a0\u00bb bottom_padding_tablet=\u00a0\u00bb10%\u00a0\u00bb left_padding_tablet=\u00a0\u00bb20%\u00a0\u00bb constrain_group_4=\u00a0\u00bbyes\u00a0\u00bb right_padding_tablet=\u00a0\u00bb20%\u00a0\u00bb left_padding_phone=\u00a0\u00bb6%\u00a0\u00bb constrain_group_6=\u00a0\u00bbyes\u00a0\u00bb right_padding_phone=\u00a0\u00bb6%\u00a0\u00bb text_color=\u00a0\u00bbdark\u00a0\u00bb text_align=\u00a0\u00bbleft\u00a0\u00bb row_border_radius=\u00a0\u00bbnone\u00a0\u00bb row_border_radius_applies=\u00a0\u00bbbg\u00a0\u00bb overflow=\u00a0\u00bbvisible\u00a0\u00bb advanced_gradient_angle=\u00a0\u00bb0&Prime; overlay_strength=\u00a0\u00bb0.3&Prime; gradient_direction=\u00a0\u00bbleft_to_right\u00a0\u00bb shape_divider_position=\u00a0\u00bbbottom\u00a0\u00bb bg_image_animation=\u00a0\u00bbnone\u00a0\u00bb gradient_type=\u00a0\u00bbdefault\u00a0\u00bb shape_type=\u00a0\u00bb\u00a0\u00bb][vc_column column_padding=\u00a0\u00bbno-extra-padding\u00a0\u00bb column_padding_tablet=\u00a0\u00bbinherit\u00a0\u00bb column_padding_phone=\u00a0\u00bbinherit\u00a0\u00bb column_padding_position=\u00a0\u00bball\u00a0\u00bb column_element_spacing=\u00a0\u00bb0px\u00a0\u00bb centered_text=\u00a0\u00bbtrue\u00a0\u00bb background_color_opacity=\u00a0\u00bb1&Prime; background_hover_color_opacity=\u00a0\u00bb1&Prime; column_shadow=\u00a0\u00bbnone\u00a0\u00bb column_border_radius=\u00a0\u00bbnone\u00a0\u00bb column_link_target=\u00a0\u00bb_self\u00a0\u00bb column_position=\u00a0\u00bbdefault\u00a0\u00bb advanced_gradient_angle=\u00a0\u00bb0&Prime; gradient_direction=\u00a0\u00bbleft_to_right\u00a0\u00bb overlay_strength=\u00a0\u00bb0.3&Prime; width=\u00a0\u00bb1\/1&Prime; tablet_width_inherit=\u00a0\u00bbdefault\u00a0\u00bb tablet_text_alignment=\u00a0\u00bbdefault\u00a0\u00bb phone_text_alignment=\u00a0\u00bbdefault\u00a0\u00bb animation_type=\u00a0\u00bbdefault\u00a0\u00bb bg_image_animation=\u00a0\u00bbnone\u00a0\u00bb border_type=\u00a0\u00bbsimple\u00a0\u00bb column_border_width=\u00a0\u00bbnone\u00a0\u00bb column_border_style=\u00a0\u00bbsolid\u00a0\u00bb gradient_type=\u00a0\u00bbdefault\u00a0\u00bb][vc_row_inner column_margin=\u00a0\u00bb20px\u00a0\u00bb column_direction=\u00a0\u00bbdefault\u00a0\u00bb column_direction_tablet=\u00a0\u00bbdefault\u00a0\u00bb column_direction_phone=\u00a0\u00bbdefault\u00a0\u00bb text_align=\u00a0\u00bbleft\u00a0\u00bb row_position=\u00a0\u00bbdefault\u00a0\u00bb row_position_tablet=\u00a0\u00bbinherit\u00a0\u00bb row_position_phone=\u00a0\u00bbinherit\u00a0\u00bb overflow=\u00a0\u00bbvisible\u00a0\u00bb pointer_events=\u00a0\u00bball\u00a0\u00bb][vc_column_inner column_padding=\u00a0\u00bbno-extra-padding\u00a0\u00bb column_padding_tablet=\u00a0\u00bbinherit\u00a0\u00bb column_padding_phone=\u00a0\u00bbinherit\u00a0\u00bb column_padding_position=\u00a0\u00bball\u00a0\u00bb top_margin=\u00a0\u00bb0%\u00a0\u00bb bottom_margin=\u00a0\u00bb5%\u00a0\u00bb column_element_spacing=\u00a0\u00bb0px\u00a0\u00bb background_color_opacity=\u00a0\u00bb1&Prime; background_hover_color_opacity=\u00a0\u00bb1&Prime; column_shadow=\u00a0\u00bbnone\u00a0\u00bb column_border_radius=\u00a0\u00bbnone\u00a0\u00bb column_link_target=\u00a0\u00bb_self\u00a0\u00bb advanced_gradient_angle=\u00a0\u00bb0&Prime; gradient_direction=\u00a0\u00bbleft_to_right\u00a0\u00bb overlay_strength=\u00a0\u00bb0.3&Prime; width=\u00a0\u00bb1\/1&Prime; tablet_width_inherit=\u00a0\u00bbdefault\u00a0\u00bb animation_type=\u00a0\u00bbdefault\u00a0\u00bb enable_animation=\u00a0\u00bbtrue\u00a0\u00bb animation=\u00a0\u00bbfade-in-from-bottom\u00a0\u00bb bg_image_animation=\u00a0\u00bbnone\u00a0\u00bb border_type=\u00a0\u00bbsimple\u00a0\u00bb column_border_width=\u00a0\u00bbnone\u00a0\u00bb column_border_style=\u00a0\u00bbsolid\u00a0\u00bb gradient_type=\u00a0\u00bbdefault\u00a0\u00bb animation_offset=\u00a0\u00bb80%\u00a0\u00bb][vc_column_text]\n<h1>CONDITIONS G\u00c9N\u00c9RALES<\/h1>\n[\/vc_column_text][\/vc_column_inner][\/vc_row_inner][split_line_heading animation_type=\u00a0\u00bbline-reveal-by-space\u00a0\u00bb font_style=\u00a0\u00bbp\u00a0\u00bb line_reveal_by_space_text_effect=\u00a0\u00bbtwist-bottom-2&Prime; content_alignment=\u00a0\u00bbdefault\u00a0\u00bb mobile_content_alignment=\u00a0\u00bbinherit\u00a0\u00bb link_target=\u00a0\u00bb_self\u00a0\u00bb text_content=\u00a0\u00bbIntroduction<\/p>\n<p>Ce document comprend les conditions d&rsquo;utilisation du site web et des services de The Light Squad Studio. Vous devriez \u00e9galement lire notre politique de confidentialit\u00e9, qui d\u00e9taille nos pratiques en mati\u00e8re de traitement des informations.<br \/>\nAcceptation des conditions<br \/>\nVous devez lire, comprendre et accepter les pr\u00e9sentes conditions d&rsquo;utilisation (&quot;Conditions&quot;) avant d&rsquo;acc\u00e9der \u00e0 www.fantastico.design ou \u00e0 l&rsquo;un de ses liens (&quot;le Site&quot;). En acc\u00e9dant au site, vous \u00eates li\u00e9 par les pr\u00e9sentes conditions, qui, avec notre politique de confidentialit\u00e9, r\u00e9gissent notre relation avec vous. Vous ne pouvez participer qu&rsquo;apr\u00e8s avoir lu et accept\u00e9 les conditions g\u00e9n\u00e9rales.<br \/>\nVous acceptez que The Light Squad Studio S.L. utilise les informations que vous partagez comme indiqu\u00e9 dans notre politique de confidentialit\u00e9 \u00e0 l&rsquo;adresse https:\/\/ www.fantastico.design\/politica-de-privacidad, jointe au document.<\/p>\n<p>Acc\u00e8s au site<\/p>\n<p>Vous pouvez occasionnellement ne pas pouvoir acc\u00e9der au site ou votre navigation peut \u00eatre interrompue en raison d&rsquo;une panne d&rsquo;\u00e9quipement, de mises \u00e0 niveau, de maintenance ou de toute autre raison ind\u00e9pendante de la volont\u00e9 de The Light Squad Studio. The Light Squad Studio se r\u00e9serve le droit de suspendre ou d&rsquo;interrompre le site ou tout service et de supprimer tout contenu comme il le juge appropri\u00e9, \u00e0 tout moment et sans pr\u00e9avis. En outre, nous pouvons fixer certaines limites \u00e0 certaines fonctions et certains services ou restreindre votre acc\u00e8s \u00e0 certaines zones ou au site et \u00e0 ses services en g\u00e9n\u00e9ral, sans pr\u00e9avis et sans responsabilit\u00e9.<\/p>\n<p>Tarifs douaniers<\/p>\n<p>Le Light Squad Studio se r\u00e9serve le droit de modifier ses tarifs ou ses frais pour les services propos\u00e9s sur le site (ou de commencer \u00e0 facturer des services gratuits), \u00e0 condition que les frais pay\u00e9s avant ces modifications ne soient pas affect\u00e9s.<br \/>\nSi vous soup\u00e7onnez un abus du site ou une violation des conditions (autre qu&rsquo;une violation des droits d&rsquo;auteur), envoyez-nous un courrier \u00e9lectronique avec l&rsquo;explication \u00e0 l&rsquo;adresse suivante : hello@fantastico.design.<br \/>\nThe Light Squad Studio se r\u00e9serve le droit de bannir tout utilisateur de ses services. Elle se r\u00e9serve \u00e9galement le droit de supprimer tout contenu (y compris, mais sans s&rsquo;y limiter, les projets, les commentaires, les messages, les avatars, etc.) pour toute raison qu&rsquo;elle jugera n\u00e9cessaire.<br \/>\nLe Light Squad Studio, sans se limiter \u00e0 l&rsquo;une de ces d\u00e9clarations ou garanties, a le droit (mais non l&rsquo;obligation) de (i) rejeter ou supprimer tout contenu qui, \u00e0 son avis, viole les conditions ou est nuisible ou r\u00e9pr\u00e9hensible ; ou (ii) mettre fin \u00e0 l&rsquo;acc\u00e8s au site ou l&rsquo;interdire \u00e0 des personnes ou \u00e0 des entit\u00e9s pour toute raison qu&rsquo;il juge appropri\u00e9e.<\/p>\n<p>R\u00e8glements sp\u00e9ciaux pour les \u00e9tudiants<\/p>\n<p>Vous acceptez toutes les conditions g\u00e9n\u00e9rales, y compris la politique d&rsquo;annulation publi\u00e9e sur le site, lorsque vous r\u00e9servez une place dans les cours de The Light Squad Studio.<br \/>\nTous les cours propos\u00e9s au Light Squad Studio ne seront disponibles qu&rsquo;aux dates indiqu\u00e9es.<br \/>\nVous acceptez de suivre toutes les r\u00e8gles raisonnables \u00e9tablies par l&rsquo;enseignant pour la classe et de ne pas prendre de mesures qui interf\u00e8rent avec la performance de l&rsquo;enseignant ou des autres \u00e9l\u00e8ves de la classe.<br \/>\nVous acceptez de suivre les cours uniquement \u00e0 des fins \u00e9ducatives et jamais avec l&rsquo;intention de copier des mat\u00e9riaux ou des techniques pour votre propre b\u00e9n\u00e9fice ou pour les apporter \u00e0 d&rsquo;autres cours, ou pour perturber un cours ou la relation de l&rsquo;enseignant avec les \u00e9tudiants.<br \/>\nEn tant qu&rsquo;\u00e9tudiant, lorsque vous vous inscrivez \u00e0 un cours, qu&rsquo;il s&rsquo;agisse d&rsquo;un cours gratuit ou payant, The Light Squad Studio vous donne une licence pour visualiser le cours par le biais de la plateforme et des services de The Light Squad Studio, qui \u00e0 son tour est le conc\u00e9dant de licence enregistr\u00e9. Vous avez une licence pour acc\u00e9der aux cours, mais nous ne vous les vendons pas. Cette licence ne vous donne pas le droit de revendre le cours de quelque mani\u00e8re que ce soit (y compris en partageant les informations de votre compte avec un acheteur ou en t\u00e9l\u00e9chargeant ill\u00e9galement le cours et en le partageant sur des sites de t\u00e9l\u00e9chargement de torrents).<br \/>\nEn termes juridiques plus complets, The Light Squad Studio vous accorde (en tant qu&rsquo;\u00e9tudiant) une licence limit\u00e9e, non exclusive et non transf\u00e9rable pour acc\u00e9der et visualiser les cours et le contenu associ\u00e9 pour lesquels vous avez pay\u00e9 tous les frais requis, uniquement \u00e0 des fins personnelles, non commerciales et \u00e9ducatives par le biais des services, sous r\u00e9serve des pr\u00e9sentes conditions et de toute condition ou restriction associ\u00e9e \u00e0 un cours ou \u00e0 une fonction particuli\u00e8re de nos services. Toute autre utilisation est express\u00e9ment interdite. Vous ne pouvez pas reproduire, redistribuer, transmettre, c\u00e9der, vendre, retransmettre, louer, partager, pr\u00eater, modifier, adapter, \u00e9diter ou cr\u00e9er des \u0153uvres d\u00e9riv\u00e9es, sous-louer, transf\u00e9rer ou utiliser de quelque mani\u00e8re que ce soit, sauf si nous vous donnons l&rsquo;autorisation explicite de le faire dans un accord \u00e9crit sign\u00e9 par un repr\u00e9sentant autoris\u00e9 de The Light Squad Studio. Cela s&rsquo;applique \u00e9galement au contenu auquel vous pouvez acc\u00e9der par le biais de l&rsquo;une de nos API.<\/p>\n<p>Propri\u00e9t\u00e9 intellectuelle de The Light Squad Studio<\/p>\n<p>Les marques, le logo, les \u00e9chantillons de code, les logiciels et autres contenus inclus dans les services de Light Squad Studio sont prot\u00e9g\u00e9s par des droits de propri\u00e9t\u00e9 intellectuelle. L&rsquo;acc\u00e8s au site ne vous conf\u00e8re aucun droit sur ces documents. L&rsquo;utilisation du contenu de notre site est interdite, sauf si l&rsquo;autorisation est demand\u00e9e au propri\u00e9taire ou si la loi l&rsquo;autorise. Vous ne pouvez pas utiliser les marques et les logos de The Light Squad Studio contenus dans les services sans notre consentement, et vous ne pouvez pas supprimer, masquer ou modifier tout texte ou avis contenu dans le mat\u00e9riel de The Light Squad Studio, ni l&rsquo;utiliser pour assembler une base de donn\u00e9es.<\/p>\n<p>Divers<\/p>\n<p>Ces conditions d&rsquo;utilisation, ainsi que la politique de confidentialit\u00e9 et les autres avis juridiques publi\u00e9s par The Light Squad Studio constituent l&rsquo;int\u00e9gralit\u00e9 de l&rsquo;accord entre l&rsquo;utilisateur et The Light Squad Studio en ce qui concerne les services et les services offerts par The Light Squad Studio. Si l&rsquo;une des dispositions est d\u00e9clar\u00e9e nulle, cela n&rsquo;affecte pas la validit\u00e9 des autres dispositions, qui restent en vigueur.<br \/>\nLe fait que The Light Squad Studio n&rsquo;applique pas ou n&rsquo;insiste pas sur une disposition des pr\u00e9sentes conditions ne doit pas \u00eatre consid\u00e9r\u00e9 comme une renonciation \u00e0 une disposition ou \u00e0 un droit. Ni le d\u00e9roulement ou le comportement entre les parties, ni leur troc, ne modifient aucune disposition des Conditions.<br \/>\nThe Light Squad Studio peut c\u00e9der ses droits et obligations en vertu des Conditions \u00e0 toute partie, \u00e0 tout moment et sans pr\u00e9avis.<br \/>\nTous les droits non express\u00e9ment accord\u00e9s \u00e0 The Light Squad Studio sont r\u00e9serv\u00e9s.<\/p>\n<p>Derni\u00e8re mise \u00e0 jour : 27 janvier 2021. Elle remplace toutes les versions pr\u00e9c\u00e9dentes.\u00a0\u00bb font_size_phone=\u00a0\u00bb4vw\u00a0\u00bb animation_delay=\u00a0\u00bb500&Prime; animation_offset=\u00a0\u00bb100&Prime;][\/split_line_heading][\/vc_column][\/vc_row]\n","protected":false},"excerpt":{"rendered":"<p>[vc_row type=\u00a0\u00bbfull_width_content\u00a0\u00bb full_screen_row_position=\u00a0\u00bbmiddle\u00a0\u00bb column_margin=\u00a0\u00bbdefault\u00a0\u00bb column_direction=\u00a0\u00bbdefault\u00a0\u00bb column_direction_tablet=\u00a0\u00bbdefault\u00a0\u00bb column_direction_phone=\u00a0\u00bbdefault\u00a0\u00bb scene_position=\u00a0\u00bbcenter\u00a0\u00bb top_padding=\u00a0\u00bb0%\u00a0\u00bb bottom_padding=\u00a0\u00bb5%\u00a0\u00bb left_padding_desktop=\u00a0\u00bb27%\u00a0\u00bb constrain_group_2=\u00a0\u00bbyes\u00a0\u00bb right_padding_desktop=\u00a0\u00bb27%\u00a0\u00bb top_padding_tablet=\u00a0\u00bb20%\u00a0\u00bb bottom_padding_tablet=\u00a0\u00bb10%\u00a0\u00bb left_padding_tablet=\u00a0\u00bb20%\u00a0\u00bb constrain_group_4=\u00a0\u00bbyes\u00a0\u00bb right_padding_tablet=\u00a0\u00bb20%\u00a0\u00bb left_padding_phone=\u00a0\u00bb6%\u00a0\u00bb constrain_group_6=\u00a0\u00bbyes\u00a0\u00bb right_padding_phone=\u00a0\u00bb6%\u00a0\u00bb text_color=\u00a0\u00bbdark\u00a0\u00bb text_align=\u00a0\u00bbleft\u00a0\u00bb row_border_radius=\u00a0\u00bbnone\u00a0\u00bb row_border_radius_applies=\u00a0\u00bbbg\u00a0\u00bb overflow=\u00a0\u00bbvisible\u00a0\u00bb advanced_gradient_angle=\u00a0\u00bb0&Prime; overlay_strength=\u00a0\u00bb0.3&Prime; gradient_direction=\u00a0\u00bbleft_to_right\u00a0\u00bb shape_divider_position=\u00a0\u00bbbottom\u00a0\u00bb&#8230;<\/p>\n","protected":false},"author":13,"featured_media":0,"parent":0,"menu_order":0,"comment_status":"closed","ping_status":"closed","template":"","meta":{"footnotes":""},"class_list":["post-18941","page","type-page","status-publish"],"_links":{"self":[{"href":"https:\/\/studiosigo.com\/fr\/wp-json\/wp\/v2\/pages\/18941","targetHints":{"allow":["GET"]}}],"collection":[{"href":"https:\/\/studiosigo.com\/fr\/wp-json\/wp\/v2\/pages"}],"about":[{"href":"https:\/\/studiosigo.com\/fr\/wp-json\/wp\/v2\/types\/page"}],"author":[{"embeddable":true,"href":"https:\/\/studiosigo.com\/fr\/wp-json\/wp\/v2\/users\/13"}],"replies":[{"embeddable":true,"href":"https:\/\/studiosigo.com\/fr\/wp-json\/wp\/v2\/comments?post=18941"}],"version-history":[{"count":0,"href":"https:\/\/studiosigo.com\/fr\/wp-json\/wp\/v2\/pages\/18941\/revisions"}],"wp:attachment":[{"href":"https:\/\/studiosigo.com\/fr\/wp-json\/wp\/v2\/media?parent=18941"}],"curies":[{"name":"wp","href":"https:\/\/api.w.org\/{rel}","templated":true}]}}